{"id":125,"date":"2023-07-18T15:17:36","date_gmt":"2023-07-18T15:17:36","guid":{"rendered":"https:\/\/maiakendra.com\/?page_id=125"},"modified":"2023-07-21T07:45:55","modified_gmt":"2023-07-21T07:45:55","slug":"125-2","status":"publish","type":"page","link":"https:\/\/maiakendra.com\/index.php\/125-2\/","title":{"rendered":"Tarot profesional telef\u00f3nico sin gabinete."},"content":{"rendered":"\n<figure class=\"wp-block-image size-full\"><img loading=\"lazy\" decoding=\"async\" width=\"300\" height=\"300\" src=\"https:\/\/maiakendra.com\/wp-content\/uploads\/2023\/07\/Sin-titulo-Post-de-Instagram-Cuadrado-300-\u00d7-300-px-1.png\" alt=\"tarot profesional telefonico sin gabinete \" class=\"wp-image-129\" srcset=\"https:\/\/maiakendra.com\/wp-content\/uploads\/2023\/07\/Sin-titulo-Post-de-Instagram-Cuadrado-300-\u00d7-300-px-1.png 300w, https:\/\/maiakendra.com\/wp-content\/uploads\/2023\/07\/Sin-titulo-Post-de-Instagram-Cuadrado-300-\u00d7-300-px-1-100x100.png 100w, https:\/\/maiakendra.com\/wp-content\/uploads\/2023\/07\/Sin-titulo-Post-de-Instagram-Cuadrado-300-\u00d7-300-px-1-150x150.png 150w\" sizes=\"auto, (max-width: 300px) 100vw, 300px\" \/><\/figure>\n\n\n\n<p>\u00a1Hola a todos! Soy Maia Kendra, <\/p>\n\n\n\n<p>Desde ni\u00f1a he utilizado la baraja espa\u00f1ola para hacer lecturas a familiares y conocidos tengo una gran experiencia en consultas de tarot del amor, lecturas de tarot sobre trabajo, tarot del dinero y todo lo que necesites.<\/p>\n\n\n\n<p>Adem\u00e1s he tenido una tienda esot\u00e9rica en Palma de Mallorca (Alquimia)10 a\u00f1os, por lo que tengo contacto con muchos profesionales del sector esot\u00e9rico en Palma de Mallorca y en toda Espa\u00f1a, astr\u00f3logos, reikistas, lectores de Registros Akashicos y todo lo que necesites. Adem\u00e1s autora del libro m\u00e1gico de mensajes de tu llama gemela, que escrib\u00ed con mucho cari\u00f1o y conexi\u00f3n de los Registros akashicos. <\/p>\n\n\n\n<figure class=\"wp-block-image size-large\"><a href=\"https:\/\/amzn.eu\/d\/4AcY3Rq\"><img loading=\"lazy\" decoding=\"async\" width=\"1024\" height=\"682\" src=\"https:\/\/maiakendra.com\/wp-content\/uploads\/2023\/07\/Anadir-un-titulo-66-1024x682.png\" alt=\"\" class=\"wp-image-138\" srcset=\"https:\/\/maiakendra.com\/wp-content\/uploads\/2023\/07\/Anadir-un-titulo-66-1024x682.png 1024w, https:\/\/maiakendra.com\/wp-content\/uploads\/2023\/07\/Anadir-un-titulo-66-600x400.png 600w, https:\/\/maiakendra.com\/wp-content\/uploads\/2023\/07\/Anadir-un-titulo-66-300x200.png 300w, https:\/\/maiakendra.com\/wp-content\/uploads\/2023\/07\/Anadir-un-titulo-66-768x512.png 768w, https:\/\/maiakendra.com\/wp-content\/uploads\/2023\/07\/Anadir-un-titulo-66.png 1280w\" sizes=\"auto, (max-width: 1024px) 100vw, 1024px\" \/><\/a><\/figure>\n\n\n\n<div class=\"wp-block-buttons is-layout-flex wp-block-buttons-is-layout-flex\">\n<div class=\"wp-block-button has-custom-width wp-block-button__width-100 has-custom-font-size has-large-font-size\"><a class=\"wp-block-button__link has-base-color has-pale-pink-background-color has-text-color has-background wp-element-button\" href=\"https:\/\/amzn.eu\/d\/4AcY3Rq\" style=\"padding-top:0;padding-right:0;padding-bottom:0;padding-left:0\" target=\"_blank\" rel=\"noreferrer noopener\">C\u00d3MPRALO AQU\u00cd <\/a><\/div>\n<\/div>\n\n\n\n<p> Quiero hablaros desde el coraz\u00f3n y en un tono cercano, como si estuvi\u00e9ramos tomando un caf\u00e9 juntos. Tengo una noticia emocionante para vosotros: \u00a1pod\u00e9is reservar una cita conmigo para una lectura de tarot personalizada y sin intermediarios! Es muy sencillo y estoy segura de que disfrutaremos mucho juntos.<\/p>\n\n\n\n<p>Imaginaos tenerme a vuestro lado, compartiendo mi experiencia de m\u00e1s de 20 a\u00f1os en el fascinante mundo del tarot, para ayudaros a descubrir vuestro destino y encontrar las respuestas que busc\u00e1is. No se trata de una lectura cualquiera, sino de una conexi\u00f3n especial entre nosotros. Quiero ser esa voz que os brinde claridad y confianza en cada paso que deis.<\/p>\n\n\n\n<p>Reservar una cita conmigo es muy f\u00e1cil. No ten\u00e9is que preocuparos por intermediarios ni distracciones. Seremos t\u00fa y yo, cara a cara sin gabinete, explorando los misterios del tarot y desvelando los secretos que el futuro os tiene reservados. Juntos, crearemos un ambiente c\u00f3modo y aut\u00e9ntico.<\/p>\n\n\n\n<p>Entonces, \u00bfqu\u00e9 est\u00e1is esperando? Pap\u00e1 ese paso y reserv\u00f3 tu cita conmigo, Maia Kendra. Ser\u00e9 vuestra compa\u00f1era en este viaje del tarot. Estoy aqu\u00ed para acompa\u00f1aros y brindaros la claridad que necesit\u00e1is para tomar decisiones importantes en vuestras vidas. Juntos, desentra\u00f1aremos los mensajes ocultos de las cartas y trazaremos un camino hacia el \u00e9xito y la realizaci\u00f3n personal.<\/p>\n\n\n\n<p>No lo pens\u00e9is m\u00e1s. Estoy aqu\u00ed, lista para ayudaros y hacer vuestra experiencia con el tarot algo inolvidable. Vuestro destino os espera y las respuestas est\u00e1n a solo un paso de distancia. \u00a1Reservad vuestra cita conmigo ahora mismo y permitidme llenar vuestra vida de magia y sabidur\u00eda tarot\u00edstica!<\/p>\n\n\n\n<p>Recordad, esta es vuestra oportunidad de vivir una lectura de tarot personalizada y \u00fanica. Estoy emocionada de conectarme con cada uno de vosotros. \u00a1No lo dej\u00e9is para despu\u00e9s! \u00a1Vamos, animaos y reservad vuestra cita hoy mismo!<\/p>\n\n\n\n<div class=\"wp-block-buttons is-layout-flex wp-block-buttons-is-layout-flex\">\n<div class=\"wp-block-button\"><a class=\"wp-block-button__link wp-element-button\" href=\"https:\/\/api.whatsapp.com\/send?phone=+34696699937&amp;text=Hola%20Maia,%20vengo%20de%20tu%20p%C3%A1gina%20web%20y%20deseo%20reservar%20una%20lectura%20de%20tarot%20contigo.%20Gracias\" target=\"_blank\" rel=\"noreferrer noopener\">\ud83d\udd2e Reserva aqu\u00ed tu lectura de tarot conmigo \ud83d\udd2e<\/a><\/div>\n<\/div>\n\n\n\n<h1 class=\"wp-block-heading has-background has-medium-font-size\" style=\"background-color:#f5b5eb\"><strong>Maia Kendra, tarotista profesional: Proporcionando orientaci\u00f3n a trav\u00e9s del mundo m\u00edstico<\/strong><\/h1>\n\n\n\n<h2 class=\"wp-block-heading has-blush-light-purple-gradient-background has-background has-medium-font-size\"><strong>Presentaci\u00f3n de Maia Kendra: El mundo del tarot<\/strong><\/h2>\n\n\n\n<p><strong>Maia Kendra<\/strong>, tarotista profesional y muy experimentada, ofrece una visi\u00f3n \u00fanica del mundo m\u00edstico del tarot y de su capacidad para proporcionar orientaci\u00f3n e iluminaci\u00f3n. Con una habilidad excepcional y una personalidad humilde, Maia utiliza su pericia para explorar las profundidades de las cartas del tarot, ayudando a las personas a encontrar claridad y respuestas a sus preguntas m\u00e1s apremiantes.<\/p>\n\n\n\n<h2 class=\"wp-block-heading has-contrast-color has-blush-light-purple-gradient-background has-text-color has-background has-medium-font-size\"><strong>El Poder de las Lecturas del Tarot: Desvelando verdades ocultas<\/strong><\/h2>\n\n\n\n<p>Hay algo innegablemente cautivador en las lecturas del tarot y en la forma en que descubren verdades ocultas sobre nuestras vidas. Maia cree que el tarot es una herramienta poderosa, que nos ofrece una visi\u00f3n de nuestro pasado, presente y futuro, y nos orienta en momentos de incertidumbre.<\/p>\n\n\n\n<p>A trav\u00e9s de lecturas de tarot personalizadas e intuitivas, Maia puede aprovechar las energ\u00edas que rodean a una persona, descifrar el simbolismo de las cartas y ofrecer interpretaciones perspicaces. Cree que las lecturas del tarot tienen el potencial de empoderar a las personas y permitirles tomar decisiones informadas, lo que conduce a una vida m\u00e1s plena.<\/p>\n\n\n\n<h2 class=\"wp-block-heading has-blush-light-purple-gradient-background has-background has-medium-font-size\"><strong>Maia Kendra: una tarotista profesional fiable<\/strong><\/h2>\n\n\n\n<p><strong>Maia Kendra<\/strong>&nbsp;ha dedicado su vida a dominar el arte de la lectura del tarot. Con varios a\u00f1os de experiencia y una aut\u00e9ntica pasi\u00f3n por ayudar a los dem\u00e1s, se ha establecido como una profesional de confianza y muy solicitada en este campo.<\/p>\n\n\n\n<p>La naturaleza altamente intuitiva de Maia le permite conectar con los clientes a un nivel profundo, proporcion\u00e1ndoles lecturas precisas que resuenan con sus situaciones \u00fanicas. Su enfoque realista y su naturaleza emp\u00e1tica crean un espacio seguro para que las personas se abran a sus preocupaciones y busquen orientaci\u00f3n.<\/p>\n\n\n\n<h2 class=\"wp-block-heading has-blush-light-purple-gradient-background has-background has-medium-font-size\"><strong>Lecturas de Tarot Personalizadas: Experiencias personalizadas s\u00f3lo para ti<\/strong><\/h2>\n\n\n\n<p>Cuando eliges a Maia Kendra como tu tarotista, puedes esperar una experiencia personalizada y adaptada a tus necesidades. Tanto si te enfrentas a retos en tus relaciones, buscas orientaci\u00f3n profesional o simplemente buscas respuestas a las complejidades de la vida, Maia utilizar\u00e1 sus excepcionales habilidades para proporcionarte la claridad y la orientaci\u00f3n que buscas.<\/p>\n\n\n\n<p>Durante tu lectura, Maia escuchar\u00e1 atentamente tus preguntas e inquietudes, lo que le permitir\u00e1 seleccionar las cartas m\u00e1s relevantes para tu situaci\u00f3n. A continuaci\u00f3n, interpretar\u00e1 el simbolismo de las cartas y te ofrecer\u00e1 consejos perspicaces basados en los mensajes desvelados a trav\u00e9s del tarot.<\/p>\n\n\n\n<h2 class=\"wp-block-heading has-blush-light-purple-gradient-background has-background has-medium-font-size\"><strong>Testimonios: Experiencias de clientes con Maia Kendra<\/strong><\/h2>\n\n\n\n<p>Inumerables personas han experimentado el poder transformador de las lecturas de tarot de Maia Kendra. He aqu\u00ed algunos testimonios de sus clientes satisfechos:<\/p>\n\n\n\n<p>&#8211; &#8220;Las lecturas de tarot de Maia han superado mis expectativas en todo momento. Sus interpretaciones dan en el clavo, y la orientaci\u00f3n que proporciona me ha ayudado a atravesar situaciones dif\u00edciles con confianza.&#8221; Maria March.<\/p>\n\n\n\n<p>&#8211; &#8220;Era esc\u00e9ptica acerca de las lecturas del tarot hasta que tuve una sesi\u00f3n con Maia Kendra. No s\u00f3lo me proporcion\u00f3 una visi\u00f3n precisa de mi vida personal y profesional, sino que tambi\u00e9n me ayud\u00f3 a obtener una nueva perspectiva sobre los retos a los que me enfrentaba.&#8221; &#8211; Josefa Jim\u00e9nez.<\/p>\n\n\n\n<p>Aqu\u00ed te dejo un enlace directo a mis rese\u00f1as de Google para que puedas leerlas\ud83d\udc49<a href=\"https:\/\/n9.cl\/maiakendra\" target=\"_blank\" rel=\"noreferrer noopener\"> Rese\u00f1as en Google de Maia Kendra <\/a><\/p>\n\n\n\n<h2 class=\"wp-block-heading has-blush-light-purple-gradient-background has-background\" style=\"font-size:clamp(0.875rem, 0.875rem + ((1vw - 0.2rem) * 0.409), 1.1rem);\"><strong>Reserva hoy tu lectura del tarot con Maia Kendra<\/strong><\/h2>\n\n\n\n<p>\u00bfEst\u00e1s preparado para embarcarte en un profundo viaje de autodescubrimiento e iluminaci\u00f3n? Reserva hoy mismo tu sesi\u00f3n de lectura del tarot con Maia Kendra y experimenta el poder transformador de su gu\u00eda.<\/p>\n\n\n\n<p>Contacta con Maia a trav\u00e9s de su sitio web o ll\u00e1mala para programar una sesi\u00f3n que te proporcione las respuestas y la direcci\u00f3n que necesitas. Permite que Maia Kendra, tarotista profesional, ilumine tu camino y libere los potenciales ocultos que hay en ti<\/p>\n\n\n\n<div class=\"wp-block-buttons is-layout-flex wp-block-buttons-is-layout-flex\">\n<div class=\"wp-block-button\"><a class=\"wp-block-button__link wp-element-button\" href=\"https:\/\/api.whatsapp.com\/send?phone=+34696699937&amp;text=Hola%20Maia,%20vengo%20de%20tu%20p%C3%A1gina%20web%20y%20deseo%20reservar%20una%20lectura%20de%20tarot%20contigo.%20Gracias\" target=\"_blank\" rel=\"noreferrer noopener\">Lectura de tarot  AQU\u00cd \u263a\ufe0f<\/a><\/div>\n<\/div>\n","protected":false},"excerpt":{"rendered":"<p>\u00a1Hola a todos! Soy Maia Kendra, Desde ni\u00f1a he utilizado la baraja espa\u00f1ola para hacer lecturas a familiares y conocidos tengo una gran experiencia en consultas de tarot del amor, lecturas de tarot sobre trabajo, tarot del dinero y todo lo que necesites. Adem\u00e1s he tenido una tienda esot\u00e9rica en Palma de Mallorca (Alquimia)10 a\u00f1os, [&hellip;]<\/p>\n","protected":false},"author":1,"featured_media":0,"parent":0,"menu_order":0,"comment_status":"closed","ping_status":"closed","template":"","meta":{"footnotes":""},"class_list":["post-125","page","type-page","status-publish","hentry"],"yoast_head":"<!-- This site is optimized with the Yoast SEO plugin v27.4 - https:\/\/yoast.com\/product\/yoast-seo-wordpress\/ -->\n<title>Tarot profesional telef\u00f3nico sin gabinete.<\/title>\n<meta name=\"description\" content=\"Soy Maia Kendra, te ofrezco una \ud83d\udd2e Lectura de tarot profesional SIN GABINETE. Reserva aqu\u00ed tu lectura, F\u00e1cil y R\u00e1pido desde Whatsapp\ud83e\udd33\" \/>\n<meta name=\"robots\" content=\"index, follow, max-snippet:-1, max-image-preview:large, max-video-preview:-1\" \/>\n<link rel=\"canonical\" href=\"https:\/\/maiakendra.com\/index.php\/125-2\/\" \/>\n<meta property=\"og:locale\" content=\"en_US\" \/>\n<meta property=\"og:type\" content=\"article\" \/>\n<meta property=\"og:title\" content=\"Tarot profesional telef\u00f3nico sin gabinete.\" \/>\n<meta property=\"og:description\" content=\"Soy Maia Kendra, te ofrezco una \ud83d\udd2e Lectura de tarot profesional SIN GABINETE. Reserva aqu\u00ed tu lectura, F\u00e1cil y R\u00e1pido desde Whatsapp\ud83e\udd33\" \/>\n<meta property=\"og:url\" content=\"https:\/\/maiakendra.com\/index.php\/125-2\/\" \/>\n<meta property=\"article:modified_time\" content=\"2023-07-21T07:45:55+00:00\" \/>\n<meta property=\"og:image\" content=\"https:\/\/maiakendra.com\/wp-content\/uploads\/2023\/07\/Anadir-un-titulo-66-1024x682.png\" \/>\n<meta name=\"twitter:card\" content=\"summary_large_image\" \/>\n<meta name=\"twitter:label1\" content=\"Est. reading time\" \/>\n\t<meta name=\"twitter:data1\" content=\"6 minutes\" \/>\n<script type=\"application\/ld+json\" class=\"yoast-schema-graph\">{\"@context\":\"https:\\\/\\\/schema.org\",\"@graph\":[{\"@type\":\"Article\",\"@id\":\"https:\\\/\\\/maiakendra.com\\\/index.php\\\/125-2\\\/#article\",\"isPartOf\":{\"@id\":\"https:\\\/\\\/maiakendra.com\\\/index.php\\\/125-2\\\/\"},\"author\":{\"name\":\"admin1384\",\"@id\":\"https:\\\/\\\/maiakendra.com\\\/#\\\/schema\\\/person\\\/00602d9b97f0c4a59b45b9d21f69600f\"},\"headline\":\"Tarot profesional telef\u00f3nico sin gabinete.\",\"datePublished\":\"2023-07-18T15:17:36+00:00\",\"dateModified\":\"2023-07-21T07:45:55+00:00\",\"mainEntityOfPage\":{\"@id\":\"https:\\\/\\\/maiakendra.com\\\/index.php\\\/125-2\\\/\"},\"wordCount\":1123,\"image\":{\"@id\":\"https:\\\/\\\/maiakendra.com\\\/index.php\\\/125-2\\\/#primaryimage\"},\"thumbnailUrl\":\"https:\\\/\\\/maiakendra.com\\\/wp-content\\\/uploads\\\/2023\\\/07\\\/Anadir-un-titulo-66-1024x682.png\",\"inLanguage\":\"en-US\"},{\"@type\":\"WebPage\",\"@id\":\"https:\\\/\\\/maiakendra.com\\\/index.php\\\/125-2\\\/\",\"url\":\"https:\\\/\\\/maiakendra.com\\\/index.php\\\/125-2\\\/\",\"name\":\"Tarot profesional telef\u00f3nico sin gabinete.\",\"isPartOf\":{\"@id\":\"https:\\\/\\\/maiakendra.com\\\/#website\"},\"primaryImageOfPage\":{\"@id\":\"https:\\\/\\\/maiakendra.com\\\/index.php\\\/125-2\\\/#primaryimage\"},\"image\":{\"@id\":\"https:\\\/\\\/maiakendra.com\\\/index.php\\\/125-2\\\/#primaryimage\"},\"thumbnailUrl\":\"https:\\\/\\\/maiakendra.com\\\/wp-content\\\/uploads\\\/2023\\\/07\\\/Anadir-un-titulo-66-1024x682.png\",\"datePublished\":\"2023-07-18T15:17:36+00:00\",\"dateModified\":\"2023-07-21T07:45:55+00:00\",\"description\":\"Soy Maia Kendra, te ofrezco una \ud83d\udd2e Lectura de tarot profesional SIN GABINETE. Reserva aqu\u00ed tu lectura, F\u00e1cil y R\u00e1pido desde Whatsapp\ud83e\udd33\",\"breadcrumb\":{\"@id\":\"https:\\\/\\\/maiakendra.com\\\/index.php\\\/125-2\\\/#breadcrumb\"},\"inLanguage\":\"en-US\",\"potentialAction\":[{\"@type\":\"ReadAction\",\"target\":[\"https:\\\/\\\/maiakendra.com\\\/index.php\\\/125-2\\\/\"]}]},{\"@type\":\"ImageObject\",\"inLanguage\":\"en-US\",\"@id\":\"https:\\\/\\\/maiakendra.com\\\/index.php\\\/125-2\\\/#primaryimage\",\"url\":\"https:\\\/\\\/maiakendra.com\\\/wp-content\\\/uploads\\\/2023\\\/07\\\/Anadir-un-titulo-66.png\",\"contentUrl\":\"https:\\\/\\\/maiakendra.com\\\/wp-content\\\/uploads\\\/2023\\\/07\\\/Anadir-un-titulo-66.png\",\"width\":1280,\"height\":853},{\"@type\":\"BreadcrumbList\",\"@id\":\"https:\\\/\\\/maiakendra.com\\\/index.php\\\/125-2\\\/#breadcrumb\",\"itemListElement\":[{\"@type\":\"ListItem\",\"position\":1,\"name\":\"Portada\",\"item\":\"https:\\\/\\\/maiakendra.com\\\/\"},{\"@type\":\"ListItem\",\"position\":2,\"name\":\"Tarot profesional telef\u00f3nico sin gabinete.\"}]},{\"@type\":\"WebSite\",\"@id\":\"https:\\\/\\\/maiakendra.com\\\/#website\",\"url\":\"https:\\\/\\\/maiakendra.com\\\/\",\"name\":\"maiakendra.com\",\"description\":\"\",\"potentialAction\":[{\"@type\":\"SearchAction\",\"target\":{\"@type\":\"EntryPoint\",\"urlTemplate\":\"https:\\\/\\\/maiakendra.com\\\/?s={search_term_string}\"},\"query-input\":{\"@type\":\"PropertyValueSpecification\",\"valueRequired\":true,\"valueName\":\"search_term_string\"}}],\"inLanguage\":\"en-US\"},{\"@type\":\"Person\",\"@id\":\"https:\\\/\\\/maiakendra.com\\\/#\\\/schema\\\/person\\\/00602d9b97f0c4a59b45b9d21f69600f\",\"name\":\"admin1384\",\"image\":{\"@type\":\"ImageObject\",\"inLanguage\":\"en-US\",\"@id\":\"https:\\\/\\\/secure.gravatar.com\\\/avatar\\\/31dbf8f4c61cd87362cd7376435a4a4ed2d5be43b95d2c82f22b36b415e66bfd?s=96&d=mm&r=g\",\"url\":\"https:\\\/\\\/secure.gravatar.com\\\/avatar\\\/31dbf8f4c61cd87362cd7376435a4a4ed2d5be43b95d2c82f22b36b415e66bfd?s=96&d=mm&r=g\",\"contentUrl\":\"https:\\\/\\\/secure.gravatar.com\\\/avatar\\\/31dbf8f4c61cd87362cd7376435a4a4ed2d5be43b95d2c82f22b36b415e66bfd?s=96&d=mm&r=g\",\"caption\":\"admin1384\"},\"sameAs\":[\"http:\\\/\\\/maiakendra.com\"],\"url\":\"https:\\\/\\\/maiakendra.com\\\/index.php\\\/author\\\/admin1384\\\/\"}]}<\/script>\n<!-- \/ Yoast SEO plugin. -->","yoast_head_json":{"title":"Tarot profesional telef\u00f3nico sin gabinete.","description":"Soy Maia Kendra, te ofrezco una \ud83d\udd2e Lectura de tarot profesional SIN GABINETE. Reserva aqu\u00ed tu lectura, F\u00e1cil y R\u00e1pido desde Whatsapp\ud83e\udd33","robots":{"index":"index","follow":"follow","max-snippet":"max-snippet:-1","max-image-preview":"max-image-preview:large","max-video-preview":"max-video-preview:-1"},"canonical":"https:\/\/maiakendra.com\/index.php\/125-2\/","og_locale":"en_US","og_type":"article","og_title":"Tarot profesional telef\u00f3nico sin gabinete.","og_description":"Soy Maia Kendra, te ofrezco una \ud83d\udd2e Lectura de tarot profesional SIN GABINETE. Reserva aqu\u00ed tu lectura, F\u00e1cil y R\u00e1pido desde Whatsapp\ud83e\udd33","og_url":"https:\/\/maiakendra.com\/index.php\/125-2\/","article_modified_time":"2023-07-21T07:45:55+00:00","og_image":[{"url":"https:\/\/maiakendra.com\/wp-content\/uploads\/2023\/07\/Anadir-un-titulo-66-1024x682.png","type":"","width":"","height":""}],"twitter_card":"summary_large_image","twitter_misc":{"Est. reading time":"6 minutes"},"schema":{"@context":"https:\/\/schema.org","@graph":[{"@type":"Article","@id":"https:\/\/maiakendra.com\/index.php\/125-2\/#article","isPartOf":{"@id":"https:\/\/maiakendra.com\/index.php\/125-2\/"},"author":{"name":"admin1384","@id":"https:\/\/maiakendra.com\/#\/schema\/person\/00602d9b97f0c4a59b45b9d21f69600f"},"headline":"Tarot profesional telef\u00f3nico sin gabinete.","datePublished":"2023-07-18T15:17:36+00:00","dateModified":"2023-07-21T07:45:55+00:00","mainEntityOfPage":{"@id":"https:\/\/maiakendra.com\/index.php\/125-2\/"},"wordCount":1123,"image":{"@id":"https:\/\/maiakendra.com\/index.php\/125-2\/#primaryimage"},"thumbnailUrl":"https:\/\/maiakendra.com\/wp-content\/uploads\/2023\/07\/Anadir-un-titulo-66-1024x682.png","inLanguage":"en-US"},{"@type":"WebPage","@id":"https:\/\/maiakendra.com\/index.php\/125-2\/","url":"https:\/\/maiakendra.com\/index.php\/125-2\/","name":"Tarot profesional telef\u00f3nico sin gabinete.","isPartOf":{"@id":"https:\/\/maiakendra.com\/#website"},"primaryImageOfPage":{"@id":"https:\/\/maiakendra.com\/index.php\/125-2\/#primaryimage"},"image":{"@id":"https:\/\/maiakendra.com\/index.php\/125-2\/#primaryimage"},"thumbnailUrl":"https:\/\/maiakendra.com\/wp-content\/uploads\/2023\/07\/Anadir-un-titulo-66-1024x682.png","datePublished":"2023-07-18T15:17:36+00:00","dateModified":"2023-07-21T07:45:55+00:00","description":"Soy Maia Kendra, te ofrezco una \ud83d\udd2e Lectura de tarot profesional SIN GABINETE. Reserva aqu\u00ed tu lectura, F\u00e1cil y R\u00e1pido desde Whatsapp\ud83e\udd33","breadcrumb":{"@id":"https:\/\/maiakendra.com\/index.php\/125-2\/#breadcrumb"},"inLanguage":"en-US","potentialAction":[{"@type":"ReadAction","target":["https:\/\/maiakendra.com\/index.php\/125-2\/"]}]},{"@type":"ImageObject","inLanguage":"en-US","@id":"https:\/\/maiakendra.com\/index.php\/125-2\/#primaryimage","url":"https:\/\/maiakendra.com\/wp-content\/uploads\/2023\/07\/Anadir-un-titulo-66.png","contentUrl":"https:\/\/maiakendra.com\/wp-content\/uploads\/2023\/07\/Anadir-un-titulo-66.png","width":1280,"height":853},{"@type":"BreadcrumbList","@id":"https:\/\/maiakendra.com\/index.php\/125-2\/#breadcrumb","itemListElement":[{"@type":"ListItem","position":1,"name":"Portada","item":"https:\/\/maiakendra.com\/"},{"@type":"ListItem","position":2,"name":"Tarot profesional telef\u00f3nico sin gabinete."}]},{"@type":"WebSite","@id":"https:\/\/maiakendra.com\/#website","url":"https:\/\/maiakendra.com\/","name":"maiakendra.com","description":"","potentialAction":[{"@type":"SearchAction","target":{"@type":"EntryPoint","urlTemplate":"https:\/\/maiakendra.com\/?s={search_term_string}"},"query-input":{"@type":"PropertyValueSpecification","valueRequired":true,"valueName":"search_term_string"}}],"inLanguage":"en-US"},{"@type":"Person","@id":"https:\/\/maiakendra.com\/#\/schema\/person\/00602d9b97f0c4a59b45b9d21f69600f","name":"admin1384","image":{"@type":"ImageObject","inLanguage":"en-US","@id":"https:\/\/secure.gravatar.com\/avatar\/31dbf8f4c61cd87362cd7376435a4a4ed2d5be43b95d2c82f22b36b415e66bfd?s=96&d=mm&r=g","url":"https:\/\/secure.gravatar.com\/avatar\/31dbf8f4c61cd87362cd7376435a4a4ed2d5be43b95d2c82f22b36b415e66bfd?s=96&d=mm&r=g","contentUrl":"https:\/\/secure.gravatar.com\/avatar\/31dbf8f4c61cd87362cd7376435a4a4ed2d5be43b95d2c82f22b36b415e66bfd?s=96&d=mm&r=g","caption":"admin1384"},"sameAs":["http:\/\/maiakendra.com"],"url":"https:\/\/maiakendra.com\/index.php\/author\/admin1384\/"}]}},"_links":{"self":[{"href":"https:\/\/maiakendra.com\/index.php\/wp-json\/wp\/v2\/pages\/125","targetHints":{"allow":["GET"]}}],"collection":[{"href":"https:\/\/maiakendra.com\/index.php\/wp-json\/wp\/v2\/pages"}],"about":[{"href":"https:\/\/maiakendra.com\/index.php\/wp-json\/wp\/v2\/types\/page"}],"author":[{"embeddable":true,"href":"https:\/\/maiakendra.com\/index.php\/wp-json\/wp\/v2\/users\/1"}],"replies":[{"embeddable":true,"href":"https:\/\/maiakendra.com\/index.php\/wp-json\/wp\/v2\/comments?post=125"}],"version-history":[{"count":14,"href":"https:\/\/maiakendra.com\/index.php\/wp-json\/wp\/v2\/pages\/125\/revisions"}],"predecessor-version":[{"id":152,"href":"https:\/\/maiakendra.com\/index.php\/wp-json\/wp\/v2\/pages\/125\/revisions\/152"}],"wp:attachment":[{"href":"https:\/\/maiakendra.com\/index.php\/wp-json\/wp\/v2\/media?parent=125"}],"curies":[{"name":"wp","href":"https:\/\/api.w.org\/{rel}","templated":true}]}}