{"id":13,"date":"2023-07-16T14:31:19","date_gmt":"2023-07-16T14:31:19","guid":{"rendered":"https:\/\/maiakendra.com\/?page_id=13"},"modified":"2023-11-09T09:56:16","modified_gmt":"2023-11-09T09:56:16","slug":"tarot-profesional","status":"publish","type":"page","link":"https:\/\/maiakendra.com\/","title":{"rendered":"Tarot Profesional"},"content":{"rendered":"<nav class=\"is-responsive wp-block-navigation is-layout-flex wp-block-navigation-is-layout-flex\" aria-label=\"Navegaci\u00f3n\" \n\t\t data-wp-interactive=\"core\/navigation\" data-wp-context='{\"overlayOpenedBy\":{\"click\":false,\"hover\":false,\"focus\":false},\"type\":\"overlay\",\"roleAttribute\":\"\",\"ariaLabel\":\"Menu\"}'><button aria-haspopup=\"dialog\" aria-label=\"Open menu\" class=\"wp-block-navigation__responsive-container-open\" \n\t\t\t\tdata-wp-on--click=\"actions.openMenuOnClick\"\n\t\t\t\tdata-wp-on--keydown=\"actions.handleMenuKeydown\"\n\t\t\t><svg width=\"24\" height=\"24\" xmlns=\"http:\/\/www.w3.org\/2000\/svg\" viewBox=\"0 0 24 24\" aria-hidden=\"true\" focusable=\"false\"><path d=\"M4 7.5h16v1.5H4z\"><\/path><path d=\"M4 15h16v1.5H4z\"><\/path><\/svg><\/button>\n\t\t\t\t<div class=\"wp-block-navigation__responsive-container\"  id=\"modal-1\" \n\t\t\t\tdata-wp-class--has-modal-open=\"state.isMenuOpen\"\n\t\t\t\tdata-wp-class--is-menu-open=\"state.isMenuOpen\"\n\t\t\t\tdata-wp-watch=\"callbacks.initMenu\"\n\t\t\t\tdata-wp-on--keydown=\"actions.handleMenuKeydown\"\n\t\t\t\tdata-wp-on--focusout=\"actions.handleMenuFocusout\"\n\t\t\t\ttabindex=\"-1\"\n\t\t\t>\n\t\t\t\t\t<div class=\"wp-block-navigation__responsive-close\" tabindex=\"-1\">\n\t\t\t\t\t\t<div class=\"wp-block-navigation__responsive-dialog\" \n\t\t\t\tdata-wp-bind--aria-modal=\"state.ariaModal\"\n\t\t\t\tdata-wp-bind--aria-label=\"state.ariaLabel\"\n\t\t\t\tdata-wp-bind--role=\"state.roleAttribute\"\n\t\t\t>\n\t\t\t\t\t\t\t<button aria-label=\"Close menu\" class=\"wp-block-navigation__responsive-container-close\" \n\t\t\t\tdata-wp-on--click=\"actions.closeMenuOnClick\"\n\t\t\t><svg xmlns=\"http:\/\/www.w3.org\/2000\/svg\" viewBox=\"0 0 24 24\" width=\"24\" height=\"24\" aria-hidden=\"true\" focusable=\"false\"><path d=\"m13.06 12 6.47-6.47-1.06-1.06L12 10.94 5.53 4.47 4.47 5.53 10.94 12l-6.47 6.47 1.06 1.06L12 13.06l6.47 6.47 1.06-1.06L13.06 12Z\"><\/path><\/svg><\/button>\n\t\t\t\t\t\t\t<div class=\"wp-block-navigation__responsive-container-content\" \n\t\t\t\tdata-wp-watch=\"callbacks.focusFirstElement\"\n\t\t\t id=\"modal-1-content\">\n\t\t\t\t\t\t\t\t<ul class=\"wp-block-navigation__container is-responsive wp-block-navigation\"><li class=\" wp-block-navigation-item wp-block-navigation-link\"><a class=\"wp-block-navigation-item__content\"  href=\"https:\/\/maiakendra.com\/index.php\/125-2\/\" title=\"sobre mi \"><span class=\"wp-block-navigation-item__label\">Sobre mi <\/span><\/a><\/li><\/ul>\n\t\t\t\t\t\t\t<\/div>\n\t\t\t\t\t\t<\/div>\n\t\t\t\t\t<\/div>\n\t\t\t\t<\/div><\/nav>\n\n\n<h3 class=\"wp-block-heading has-medium-font-size\">\u00a1Bienvenido a mi p\u00e1gina web dedicada exclusivamente al tarot! <\/h3>\n\n\n\n<div class=\"wp-block-buttons is-content-justification-center is-layout-flex wp-container-core-buttons-is-layout-a89b3969 wp-block-buttons-is-layout-flex\">\n<div class=\"wp-block-button\"><a class=\"wp-block-button__link wp-element-button\" href=\"https:\/\/api.whatsapp.com\/send?phone=+34696699937&amp;text=Hola%20Maia,%20vengo%20de%20tu%20p%C3%A1gina%20web%20y%20deseo%20reservar%20una%20lectura%20de%20tarot%20contigo.%20Gracias\" target=\"_blank\" rel=\"noreferrer noopener\"> \ud83d\udd2eReserva aqu\u00ed tu lectura de cartas CONMIGO \ud83d\udd2e<\/a><\/div>\n<\/div>\n\n\n\n<figure class=\"wp-block-embed is-type-rich is-provider-tiktok wp-block-embed-tiktok\"><div class=\"wp-block-embed__wrapper\">\n<blockquote class=\"tiktok-embed\" cite=\"https:\/\/www.tiktok.com\/@maia_kendra\" data-unique-id=\"maia_kendra\" data-embed-from=\"oembed\" data-embed-type=\"creator\" style=\"max-width:780px; min-width:288px;\"> <section> <a target=\"_blank\" href=\"https:\/\/www.tiktok.com\/@maia_kendra?refer=creator_embed\">@maia_kendra<\/a> <\/section> <\/blockquote> <script async src=\"https:\/\/www.tiktok.com\/embed.js\"><\/script>\n<\/div><\/figure>\n\n\n\n<figure class=\"wp-block-image size-large\"><a href=\"https:\/\/www.amazon.es\/shop\/clubesoterico\" target=\"_blank\" rel=\"noreferrer noopener\"><img loading=\"lazy\" decoding=\"async\" width=\"1024\" height=\"1024\" src=\"https:\/\/maiakendra.com\/wp-content\/uploads\/2023\/10\/Anadir-un-titulo-76-1024x1024.png\" alt=\"\" class=\"wp-image-300\" srcset=\"https:\/\/maiakendra.com\/wp-content\/uploads\/2023\/10\/Anadir-un-titulo-76-1024x1024.png 1024w, https:\/\/maiakendra.com\/wp-content\/uploads\/2023\/10\/Anadir-un-titulo-76-300x300.png 300w, https:\/\/maiakendra.com\/wp-content\/uploads\/2023\/10\/Anadir-un-titulo-76-100x100.png 100w, https:\/\/maiakendra.com\/wp-content\/uploads\/2023\/10\/Anadir-un-titulo-76-600x600.png 600w, https:\/\/maiakendra.com\/wp-content\/uploads\/2023\/10\/Anadir-un-titulo-76-150x150.png 150w, https:\/\/maiakendra.com\/wp-content\/uploads\/2023\/10\/Anadir-un-titulo-76-768x768.png 768w, https:\/\/maiakendra.com\/wp-content\/uploads\/2023\/10\/Anadir-un-titulo-76.png 1080w\" sizes=\"auto, (max-width: 1024px) 100vw, 1024px\" \/><\/a><\/figure>\n\n\n\n<figure class=\"wp-block-image size-large\"><a href=\"https:\/\/www.amazon.es\/s?rh=n%3A2846220031%2Cp_4%3AMaia+kendra&amp;ref=bl_sl_s_ap_web_2846220031\" target=\"_blank\" rel=\"noreferrer noopener\"><img loading=\"lazy\" decoding=\"async\" width=\"1024\" height=\"1024\" src=\"https:\/\/maiakendra.com\/wp-content\/uploads\/2023\/11\/Anadir-un-titulo-80-1024x1024.png\" alt=\"ropa maia kendra\" class=\"wp-image-313\" srcset=\"https:\/\/maiakendra.com\/wp-content\/uploads\/2023\/11\/Anadir-un-titulo-80-1024x1024.png 1024w, https:\/\/maiakendra.com\/wp-content\/uploads\/2023\/11\/Anadir-un-titulo-80-300x300.png 300w, https:\/\/maiakendra.com\/wp-content\/uploads\/2023\/11\/Anadir-un-titulo-80-100x100.png 100w, https:\/\/maiakendra.com\/wp-content\/uploads\/2023\/11\/Anadir-un-titulo-80-600x600.png 600w, https:\/\/maiakendra.com\/wp-content\/uploads\/2023\/11\/Anadir-un-titulo-80-150x150.png 150w, https:\/\/maiakendra.com\/wp-content\/uploads\/2023\/11\/Anadir-un-titulo-80-768x768.png 768w, https:\/\/maiakendra.com\/wp-content\/uploads\/2023\/11\/Anadir-un-titulo-80-1536x1536.png 1536w, https:\/\/maiakendra.com\/wp-content\/uploads\/2023\/11\/Anadir-un-titulo-80-2048x2048.png 2048w\" sizes=\"auto, (max-width: 1024px) 100vw, 1024px\" \/><\/a><\/figure>\n\n\n\n<figure class=\"wp-block-image size-large\"><a href=\"https:\/\/www.amazon.es\/Mensajes-llama-gemela-m%C3%A1gico-respuestas\/dp\/B0C9KBB8VJ\" target=\"_blank\" rel=\"noreferrer noopener\"><img loading=\"lazy\" decoding=\"async\" width=\"1024\" height=\"1024\" src=\"https:\/\/maiakendra.com\/wp-content\/uploads\/2023\/10\/Anadir-un-titulo-77-1024x1024.png\" alt=\"\" class=\"wp-image-305\" srcset=\"https:\/\/maiakendra.com\/wp-content\/uploads\/2023\/10\/Anadir-un-titulo-77-1024x1024.png 1024w, https:\/\/maiakendra.com\/wp-content\/uploads\/2023\/10\/Anadir-un-titulo-77-300x300.png 300w, https:\/\/maiakendra.com\/wp-content\/uploads\/2023\/10\/Anadir-un-titulo-77-100x100.png 100w, https:\/\/maiakendra.com\/wp-content\/uploads\/2023\/10\/Anadir-un-titulo-77-600x600.png 600w, https:\/\/maiakendra.com\/wp-content\/uploads\/2023\/10\/Anadir-un-titulo-77-150x150.png 150w, https:\/\/maiakendra.com\/wp-content\/uploads\/2023\/10\/Anadir-un-titulo-77-768x768.png 768w, https:\/\/maiakendra.com\/wp-content\/uploads\/2023\/10\/Anadir-un-titulo-77.png 1080w\" sizes=\"auto, (max-width: 1024px) 100vw, 1024px\" \/><\/a><\/figure>\n\n\n\n<div class=\"wp-block-columns is-layout-flex wp-container-core-columns-is-layout-28f84493 wp-block-columns-is-layout-flex\">\n<div class=\"wp-block-column is-layout-flow wp-block-column-is-layout-flow\">\n<div class=\"wp-block-group has-global-padding is-layout-constrained wp-block-group-is-layout-constrained\">\n<figure class=\"wp-block-gallery has-nested-images columns-default is-cropped wp-block-gallery-2 is-layout-flex wp-block-gallery-is-layout-flex\">\n<figure class=\"wp-block-image size-large\"><img loading=\"lazy\" decoding=\"async\" width=\"1024\" height=\"682\" data-id=\"20\" src=\"https:\/\/maiakendra.com\/wp-content\/uploads\/2023\/07\/Anadir-un-titulo-19-1024x682.png\" alt=\"\" class=\"wp-image-20\" srcset=\"https:\/\/maiakendra.com\/wp-content\/uploads\/2023\/07\/Anadir-un-titulo-19-1024x682.png 1024w, https:\/\/maiakendra.com\/wp-content\/uploads\/2023\/07\/Anadir-un-titulo-19-600x400.png 600w, https:\/\/maiakendra.com\/wp-content\/uploads\/2023\/07\/Anadir-un-titulo-19-300x200.png 300w, https:\/\/maiakendra.com\/wp-content\/uploads\/2023\/07\/Anadir-un-titulo-19-768x512.png 768w, https:\/\/maiakendra.com\/wp-content\/uploads\/2023\/07\/Anadir-un-titulo-19.png 1280w\" sizes=\"auto, (max-width: 1024px) 100vw, 1024px\" \/><\/figure>\n<\/figure>\n<\/div>\n<\/div>\n<\/div>\n\n\n\n<figure class=\"wp-block-image size-large\"><a href=\"https:\/\/maiakendra.com\/index.php\/2023\/07\/18\/barajas-de-tarot\/\"><img loading=\"lazy\" decoding=\"async\" width=\"1024\" height=\"682\" src=\"https:\/\/maiakendra.com\/wp-content\/uploads\/2023\/07\/Anadir-un-titulo-21-1024x682.png\" alt=\"\" class=\"wp-image-22\" srcset=\"https:\/\/maiakendra.com\/wp-content\/uploads\/2023\/07\/Anadir-un-titulo-21-1024x682.png 1024w, https:\/\/maiakendra.com\/wp-content\/uploads\/2023\/07\/Anadir-un-titulo-21-600x400.png 600w, https:\/\/maiakendra.com\/wp-content\/uploads\/2023\/07\/Anadir-un-titulo-21-300x200.png 300w, https:\/\/maiakendra.com\/wp-content\/uploads\/2023\/07\/Anadir-un-titulo-21-768x512.png 768w, https:\/\/maiakendra.com\/wp-content\/uploads\/2023\/07\/Anadir-un-titulo-21.png 1280w\" sizes=\"auto, (max-width: 1024px) 100vw, 1024px\" \/><\/a><\/figure>\n\n\n\n<figure class=\"wp-block-image size-large\"><a href=\"https:\/\/maiakendra.com\/index.php\/2023\/07\/16\/significado-de-las-cartas-de-tarot\/\"><img loading=\"lazy\" decoding=\"async\" width=\"1024\" height=\"682\" src=\"https:\/\/maiakendra.com\/wp-content\/uploads\/2023\/07\/Anadir-un-titulo-22-1-1024x682.png\" alt=\"\" class=\"wp-image-24\" srcset=\"https:\/\/maiakendra.com\/wp-content\/uploads\/2023\/07\/Anadir-un-titulo-22-1-1024x682.png 1024w, https:\/\/maiakendra.com\/wp-content\/uploads\/2023\/07\/Anadir-un-titulo-22-1-600x400.png 600w, https:\/\/maiakendra.com\/wp-content\/uploads\/2023\/07\/Anadir-un-titulo-22-1-300x200.png 300w, https:\/\/maiakendra.com\/wp-content\/uploads\/2023\/07\/Anadir-un-titulo-22-1-768x512.png 768w, https:\/\/maiakendra.com\/wp-content\/uploads\/2023\/07\/Anadir-un-titulo-22-1.png 1280w\" sizes=\"auto, (max-width: 1024px) 100vw, 1024px\" \/><\/a><\/figure>\n\n\n\n<figure class=\"wp-block-image size-large\"><a href=\"https:\/\/maiakendra.com\/index.php\/2023\/07\/23\/tipos-de-tarots\/\" target=\"_blank\" rel=\"noreferrer noopener\"><img loading=\"lazy\" decoding=\"async\" width=\"1024\" height=\"682\" src=\"https:\/\/maiakendra.com\/wp-content\/uploads\/2023\/07\/Anadir-un-titulo-20-1-1024x682.png\" alt=\"\" class=\"wp-image-25\" srcset=\"https:\/\/maiakendra.com\/wp-content\/uploads\/2023\/07\/Anadir-un-titulo-20-1-1024x682.png 1024w, https:\/\/maiakendra.com\/wp-content\/uploads\/2023\/07\/Anadir-un-titulo-20-1-600x400.png 600w, https:\/\/maiakendra.com\/wp-content\/uploads\/2023\/07\/Anadir-un-titulo-20-1-300x200.png 300w, https:\/\/maiakendra.com\/wp-content\/uploads\/2023\/07\/Anadir-un-titulo-20-1-768x512.png 768w, https:\/\/maiakendra.com\/wp-content\/uploads\/2023\/07\/Anadir-un-titulo-20-1.png 1280w\" sizes=\"auto, (max-width: 1024px) 100vw, 1024px\" \/><\/a><\/figure>\n\n\n\n<figure class=\"wp-block-gallery has-nested-images columns-default is-cropped wp-block-gallery-3 is-layout-flex wp-block-gallery-is-layout-flex\">\n<figure class=\"wp-block-image size-large\"><img loading=\"lazy\" decoding=\"async\" width=\"1024\" height=\"682\" data-id=\"26\" src=\"https:\/\/maiakendra.com\/wp-content\/uploads\/2023\/07\/Anadir-un-titulo-23-1024x682.png\" alt=\"\" class=\"wp-image-26\" srcset=\"https:\/\/maiakendra.com\/wp-content\/uploads\/2023\/07\/Anadir-un-titulo-23-1024x682.png 1024w, https:\/\/maiakendra.com\/wp-content\/uploads\/2023\/07\/Anadir-un-titulo-23-600x400.png 600w, https:\/\/maiakendra.com\/wp-content\/uploads\/2023\/07\/Anadir-un-titulo-23-300x200.png 300w, https:\/\/maiakendra.com\/wp-content\/uploads\/2023\/07\/Anadir-un-titulo-23-768x512.png 768w, https:\/\/maiakendra.com\/wp-content\/uploads\/2023\/07\/Anadir-un-titulo-23.png 1280w\" sizes=\"auto, (max-width: 1024px) 100vw, 1024px\" \/><\/figure>\n<\/figure>\n\n\n\n<p>Aqu\u00ed encontrar\u00e1s todo lo que necesitas para explorar el fascinante mundo del tarot y llevar tu experiencia a un nivel superior. Desde lecturas personalizadas hasta una amplia selecci\u00f3n de barajas de tarot y accesorios, nuestra tienda online tiene todo lo que necesitas para adentrarte en este viaje m\u00edstico. Mi nombre es Maia Kendra soy  de tarotista profesional y apasionada del mundo esot\u00e9rico estoy  lista  para guiarte y brindarte una orientaci\u00f3n clara y precisa. Descubre las respuestas que buscas y desbloquea tu potencial interior a trav\u00e9s del tarot. <\/p>\n\n\n\n<div class=\"wp-block-buttons is-layout-flex wp-block-buttons-is-layout-flex\">\n<div class=\"wp-block-button\"><a class=\"wp-block-button__link wp-element-button\" href=\"https:\/\/api.whatsapp.com\/send?phone=+34696699937&amp;text=Hola%20Maia,%20vengo%20de%20tu%20p%C3%A1gina%20web%20y%20deseo%20reservar%20una%20lectura%20de%20tarot%20contigo.%20Gracias\" target=\"_blank\" rel=\"noreferrer noopener\">Pide tu lectura online AHORA<\/a><\/div>\n<\/div>\n\n\n\n<p>\u00a1Explora nuestra tienda online hoy mismo y comienza tu camino hacia la sabidur\u00eda y la iluminaci\u00f3n! En ella encontrar\u00e1s todo lo que necesitas. Desde barajas para principiantes, accesorios, guardatarots, manuales de cartomancia tapetes y libros recomendados.<\/p>\n\n\n\n<figure class=\"wp-block-image size-large\"><img loading=\"lazy\" decoding=\"async\" width=\"1024\" height=\"682\" src=\"https:\/\/maiakendra.com\/wp-content\/uploads\/2023\/07\/Anadir-un-titulo-24-1024x682.png\" alt=\"\" class=\"wp-image-46\" srcset=\"https:\/\/maiakendra.com\/wp-content\/uploads\/2023\/07\/Anadir-un-titulo-24-1024x682.png 1024w, https:\/\/maiakendra.com\/wp-content\/uploads\/2023\/07\/Anadir-un-titulo-24-600x400.png 600w, https:\/\/maiakendra.com\/wp-content\/uploads\/2023\/07\/Anadir-un-titulo-24-300x200.png 300w, https:\/\/maiakendra.com\/wp-content\/uploads\/2023\/07\/Anadir-un-titulo-24-768x512.png 768w, https:\/\/maiakendra.com\/wp-content\/uploads\/2023\/07\/Anadir-un-titulo-24.png 1280w\" sizes=\"auto, (max-width: 1024px) 100vw, 1024px\" \/><\/figure>\n","protected":false},"excerpt":{"rendered":"<p>\u00a1Bienvenido a mi p\u00e1gina web dedicada exclusivamente al tarot! Aqu\u00ed encontrar\u00e1s todo lo que necesitas para explorar el fascinante mundo del tarot y llevar tu experiencia a un nivel superior. Desde lecturas personalizadas hasta una amplia selecci\u00f3n de barajas de tarot y accesorios, nuestra tienda online tiene todo lo que necesitas para adentrarte en este [&hellip;]<\/p>\n","protected":false},"author":1,"featured_media":0,"parent":0,"menu_order":0,"comment_status":"closed","ping_status":"closed","template":"","meta":{"footnotes":""},"class_list":["post-13","page","type-page","status-publish","hentry"],"yoast_head":"<!-- This site is optimized with the Yoast SEO plugin v27.4 - https:\/\/yoast.com\/product\/yoast-seo-wordpress\/ -->\n<title>Tarot Profesional<\/title>\n<meta name=\"robots\" content=\"index, follow, max-snippet:-1, max-image-preview:large, max-video-preview:-1\" \/>\n<link rel=\"canonical\" href=\"https:\/\/maiakendra.com\/\" \/>\n<meta property=\"og:locale\" content=\"en_US\" \/>\n<meta property=\"og:type\" content=\"article\" \/>\n<meta property=\"og:title\" content=\"Tarot Profesional\" \/>\n<meta property=\"og:url\" content=\"https:\/\/maiakendra.com\/\" \/>\n<meta property=\"article:modified_time\" content=\"2023-11-09T09:56:16+00:00\" \/>\n<meta property=\"og:image\" content=\"https:\/\/maiakendra.com\/wp-content\/uploads\/2023\/10\/Anadir-un-titulo-76-1024x1024.png\" \/>\n<meta name=\"twitter:card\" content=\"summary_large_image\" \/>\n<meta name=\"twitter:label1\" content=\"Est. reading time\" \/>\n\t<meta name=\"twitter:data1\" content=\"3 minutes\" \/>\n<script type=\"application\/ld+json\" class=\"yoast-schema-graph\">{\"@context\":\"https:\\\/\\\/schema.org\",\"@graph\":[{\"@type\":\"Article\",\"@id\":\"https:\\\/\\\/maiakendra.com\\\/#article\",\"isPartOf\":{\"@id\":\"https:\\\/\\\/maiakendra.com\\\/\"},\"author\":{\"name\":\"admin1384\",\"@id\":\"https:\\\/\\\/maiakendra.com\\\/#\\\/schema\\\/person\\\/00602d9b97f0c4a59b45b9d21f69600f\"},\"headline\":\"Tarot Profesional\",\"datePublished\":\"2023-07-16T14:31:19+00:00\",\"dateModified\":\"2023-11-09T09:56:16+00:00\",\"mainEntityOfPage\":{\"@id\":\"https:\\\/\\\/maiakendra.com\\\/\"},\"wordCount\":162,\"image\":{\"@id\":\"https:\\\/\\\/maiakendra.com\\\/#primaryimage\"},\"thumbnailUrl\":\"https:\\\/\\\/maiakendra.com\\\/wp-content\\\/uploads\\\/2023\\\/10\\\/Anadir-un-titulo-76-1024x1024.png\",\"inLanguage\":\"en-US\"},{\"@type\":\"WebPage\",\"@id\":\"https:\\\/\\\/maiakendra.com\\\/\",\"url\":\"https:\\\/\\\/maiakendra.com\\\/\",\"name\":\"Tarot Profesional\",\"isPartOf\":{\"@id\":\"https:\\\/\\\/maiakendra.com\\\/#website\"},\"primaryImageOfPage\":{\"@id\":\"https:\\\/\\\/maiakendra.com\\\/#primaryimage\"},\"image\":{\"@id\":\"https:\\\/\\\/maiakendra.com\\\/#primaryimage\"},\"thumbnailUrl\":\"https:\\\/\\\/maiakendra.com\\\/wp-content\\\/uploads\\\/2023\\\/10\\\/Anadir-un-titulo-76-1024x1024.png\",\"datePublished\":\"2023-07-16T14:31:19+00:00\",\"dateModified\":\"2023-11-09T09:56:16+00:00\",\"breadcrumb\":{\"@id\":\"https:\\\/\\\/maiakendra.com\\\/#breadcrumb\"},\"inLanguage\":\"en-US\",\"potentialAction\":[{\"@type\":\"ReadAction\",\"target\":[\"https:\\\/\\\/maiakendra.com\\\/\"]}]},{\"@type\":\"ImageObject\",\"inLanguage\":\"en-US\",\"@id\":\"https:\\\/\\\/maiakendra.com\\\/#primaryimage\",\"url\":\"https:\\\/\\\/maiakendra.com\\\/wp-content\\\/uploads\\\/2023\\\/10\\\/Anadir-un-titulo-76.png\",\"contentUrl\":\"https:\\\/\\\/maiakendra.com\\\/wp-content\\\/uploads\\\/2023\\\/10\\\/Anadir-un-titulo-76.png\",\"width\":1080,\"height\":1080},{\"@type\":\"BreadcrumbList\",\"@id\":\"https:\\\/\\\/maiakendra.com\\\/#breadcrumb\",\"itemListElement\":[{\"@type\":\"ListItem\",\"position\":1,\"name\":\"Portada\",\"item\":\"https:\\\/\\\/maiakendra.com\\\/\"},{\"@type\":\"ListItem\",\"position\":2,\"name\":\"Tarot Profesional\"}]},{\"@type\":\"WebSite\",\"@id\":\"https:\\\/\\\/maiakendra.com\\\/#website\",\"url\":\"https:\\\/\\\/maiakendra.com\\\/\",\"name\":\"maiakendra.com\",\"description\":\"\",\"potentialAction\":[{\"@type\":\"SearchAction\",\"target\":{\"@type\":\"EntryPoint\",\"urlTemplate\":\"https:\\\/\\\/maiakendra.com\\\/?s={search_term_string}\"},\"query-input\":{\"@type\":\"PropertyValueSpecification\",\"valueRequired\":true,\"valueName\":\"search_term_string\"}}],\"inLanguage\":\"en-US\"},{\"@type\":\"Person\",\"@id\":\"https:\\\/\\\/maiakendra.com\\\/#\\\/schema\\\/person\\\/00602d9b97f0c4a59b45b9d21f69600f\",\"name\":\"admin1384\",\"image\":{\"@type\":\"ImageObject\",\"inLanguage\":\"en-US\",\"@id\":\"https:\\\/\\\/secure.gravatar.com\\\/avatar\\\/31dbf8f4c61cd87362cd7376435a4a4ed2d5be43b95d2c82f22b36b415e66bfd?s=96&d=mm&r=g\",\"url\":\"https:\\\/\\\/secure.gravatar.com\\\/avatar\\\/31dbf8f4c61cd87362cd7376435a4a4ed2d5be43b95d2c82f22b36b415e66bfd?s=96&d=mm&r=g\",\"contentUrl\":\"https:\\\/\\\/secure.gravatar.com\\\/avatar\\\/31dbf8f4c61cd87362cd7376435a4a4ed2d5be43b95d2c82f22b36b415e66bfd?s=96&d=mm&r=g\",\"caption\":\"admin1384\"},\"sameAs\":[\"http:\\\/\\\/maiakendra.com\"],\"url\":\"https:\\\/\\\/maiakendra.com\\\/index.php\\\/author\\\/admin1384\\\/\"}]}<\/script>\n<!-- \/ Yoast SEO plugin. -->","yoast_head_json":{"title":"Tarot Profesional","robots":{"index":"index","follow":"follow","max-snippet":"max-snippet:-1","max-image-preview":"max-image-preview:large","max-video-preview":"max-video-preview:-1"},"canonical":"https:\/\/maiakendra.com\/","og_locale":"en_US","og_type":"article","og_title":"Tarot Profesional","og_url":"https:\/\/maiakendra.com\/","article_modified_time":"2023-11-09T09:56:16+00:00","og_image":[{"url":"https:\/\/maiakendra.com\/wp-content\/uploads\/2023\/10\/Anadir-un-titulo-76-1024x1024.png","type":"","width":"","height":""}],"twitter_card":"summary_large_image","twitter_misc":{"Est. reading time":"3 minutes"},"schema":{"@context":"https:\/\/schema.org","@graph":[{"@type":"Article","@id":"https:\/\/maiakendra.com\/#article","isPartOf":{"@id":"https:\/\/maiakendra.com\/"},"author":{"name":"admin1384","@id":"https:\/\/maiakendra.com\/#\/schema\/person\/00602d9b97f0c4a59b45b9d21f69600f"},"headline":"Tarot Profesional","datePublished":"2023-07-16T14:31:19+00:00","dateModified":"2023-11-09T09:56:16+00:00","mainEntityOfPage":{"@id":"https:\/\/maiakendra.com\/"},"wordCount":162,"image":{"@id":"https:\/\/maiakendra.com\/#primaryimage"},"thumbnailUrl":"https:\/\/maiakendra.com\/wp-content\/uploads\/2023\/10\/Anadir-un-titulo-76-1024x1024.png","inLanguage":"en-US"},{"@type":"WebPage","@id":"https:\/\/maiakendra.com\/","url":"https:\/\/maiakendra.com\/","name":"Tarot Profesional","isPartOf":{"@id":"https:\/\/maiakendra.com\/#website"},"primaryImageOfPage":{"@id":"https:\/\/maiakendra.com\/#primaryimage"},"image":{"@id":"https:\/\/maiakendra.com\/#primaryimage"},"thumbnailUrl":"https:\/\/maiakendra.com\/wp-content\/uploads\/2023\/10\/Anadir-un-titulo-76-1024x1024.png","datePublished":"2023-07-16T14:31:19+00:00","dateModified":"2023-11-09T09:56:16+00:00","breadcrumb":{"@id":"https:\/\/maiakendra.com\/#breadcrumb"},"inLanguage":"en-US","potentialAction":[{"@type":"ReadAction","target":["https:\/\/maiakendra.com\/"]}]},{"@type":"ImageObject","inLanguage":"en-US","@id":"https:\/\/maiakendra.com\/#primaryimage","url":"https:\/\/maiakendra.com\/wp-content\/uploads\/2023\/10\/Anadir-un-titulo-76.png","contentUrl":"https:\/\/maiakendra.com\/wp-content\/uploads\/2023\/10\/Anadir-un-titulo-76.png","width":1080,"height":1080},{"@type":"BreadcrumbList","@id":"https:\/\/maiakendra.com\/#breadcrumb","itemListElement":[{"@type":"ListItem","position":1,"name":"Portada","item":"https:\/\/maiakendra.com\/"},{"@type":"ListItem","position":2,"name":"Tarot Profesional"}]},{"@type":"WebSite","@id":"https:\/\/maiakendra.com\/#website","url":"https:\/\/maiakendra.com\/","name":"maiakendra.com","description":"","potentialAction":[{"@type":"SearchAction","target":{"@type":"EntryPoint","urlTemplate":"https:\/\/maiakendra.com\/?s={search_term_string}"},"query-input":{"@type":"PropertyValueSpecification","valueRequired":true,"valueName":"search_term_string"}}],"inLanguage":"en-US"},{"@type":"Person","@id":"https:\/\/maiakendra.com\/#\/schema\/person\/00602d9b97f0c4a59b45b9d21f69600f","name":"admin1384","image":{"@type":"ImageObject","inLanguage":"en-US","@id":"https:\/\/secure.gravatar.com\/avatar\/31dbf8f4c61cd87362cd7376435a4a4ed2d5be43b95d2c82f22b36b415e66bfd?s=96&d=mm&r=g","url":"https:\/\/secure.gravatar.com\/avatar\/31dbf8f4c61cd87362cd7376435a4a4ed2d5be43b95d2c82f22b36b415e66bfd?s=96&d=mm&r=g","contentUrl":"https:\/\/secure.gravatar.com\/avatar\/31dbf8f4c61cd87362cd7376435a4a4ed2d5be43b95d2c82f22b36b415e66bfd?s=96&d=mm&r=g","caption":"admin1384"},"sameAs":["http:\/\/maiakendra.com"],"url":"https:\/\/maiakendra.com\/index.php\/author\/admin1384\/"}]}},"_links":{"self":[{"href":"https:\/\/maiakendra.com\/index.php\/wp-json\/wp\/v2\/pages\/13","targetHints":{"allow":["GET"]}}],"collection":[{"href":"https:\/\/maiakendra.com\/index.php\/wp-json\/wp\/v2\/pages"}],"about":[{"href":"https:\/\/maiakendra.com\/index.php\/wp-json\/wp\/v2\/types\/page"}],"author":[{"embeddable":true,"href":"https:\/\/maiakendra.com\/index.php\/wp-json\/wp\/v2\/users\/1"}],"replies":[{"embeddable":true,"href":"https:\/\/maiakendra.com\/index.php\/wp-json\/wp\/v2\/comments?post=13"}],"version-history":[{"count":22,"href":"https:\/\/maiakendra.com\/index.php\/wp-json\/wp\/v2\/pages\/13\/revisions"}],"predecessor-version":[{"id":315,"href":"https:\/\/maiakendra.com\/index.php\/wp-json\/wp\/v2\/pages\/13\/revisions\/315"}],"wp:attachment":[{"href":"https:\/\/maiakendra.com\/index.php\/wp-json\/wp\/v2\/media?parent=13"}],"curies":[{"name":"wp","href":"https:\/\/api.w.org\/{rel}","templated":true}]}}